{"id":72,"date":"2024-02-23T21:43:47","date_gmt":"2024-02-23T21:43:47","guid":{"rendered":"https:\/\/artmodern.dk\/?page_id=72"},"modified":"2024-07-15T16:20:04","modified_gmt":"2024-07-15T16:20:04","slug":"artmodern","status":"publish","type":"page","link":"https:\/\/artmodern.dk\/","title":{"rendered":"ARTMODERN"},"content":{"rendered":"\n<h2 class=\"wp-block-heading\">Velkommen til artmodern.dk <\/h2>\n\n\n\n<p class=\"has-large-font-size\" style=\"font-style:italic;font-weight:400;line-height:1.7\">Beklager s<em>iden har ikke v\u00e6ret tilg\u00e6ngelig i meget lang tid. Der er en erstatningsside som kan s\u00f8ges p\u00e5 <a href=\"http:\/\/artmodern2.dk\">artmodern2.dk<\/a>   <\/em> hvor der er vist en del ny malerier, akvareller og tegninger. I opbygningsfasen af artmodern.dk bliver der vist en del tegninger frembragt over nogle \u00e5r. <\/p>\n\n\n\n<figure data-wp-context=\"{&quot;imageId&quot;:&quot;69e239f444cfb&quot;}\" data-wp-interactive=\"core\/image\" data-wp-key=\"69e239f444cfb\" class=\"wp-block-image aligncenter size-full is-resized has-custom-border is-style-twentytwentyone-border wp-lightbox-container\"><img loading=\"lazy\" decoding=\"async\" width=\"495\" height=\"500\" data-wp-class--hide=\"state.isContentHidden\" data-wp-class--show=\"state.isContentVisible\" data-wp-init=\"callbacks.setButtonStyles\" data-wp-on--click=\"actions.showLightbox\" data-wp-on--load=\"callbacks.setButtonStyles\" data-wp-on-window--resize=\"callbacks.setButtonStyles\" src=\"https:\/\/artmodern.dk\/wp-content\/uploads\/2024\/02\/web-Skovfantasier-3.jpg\" alt=\"\" class=\"wp-image-74\" style=\"border-width:3px;border-radius:10px;width:700px\" srcset=\"https:\/\/artmodern.dk\/wp-content\/uploads\/2024\/02\/web-Skovfantasier-3.jpg 495w, https:\/\/artmodern.dk\/wp-content\/uploads\/2024\/02\/web-Skovfantasier-3-297x300.jpg 297w\" sizes=\"auto, (max-width: 495px) 100vw, 495px\" \/><button\n\t\t\tclass=\"lightbox-trigger\"\n\t\t\ttype=\"button\"\n\t\t\taria-haspopup=\"dialog\"\n\t\t\taria-label=\"Forst\u00f8r\"\n\t\t\tdata-wp-init=\"callbacks.initTriggerButton\"\n\t\t\tdata-wp-on--click=\"actions.showLightbox\"\n\t\t\tdata-wp-style--right=\"state.imageButtonRight\"\n\t\t\tdata-wp-style--top=\"state.imageButtonTop\"\n\t\t>\n\t\t\t<svg xmlns=\"http:\/\/www.w3.org\/2000\/svg\" width=\"12\" height=\"12\" fill=\"none\" viewBox=\"0 0 12 12\">\n\t\t\t\t<path fill=\"#fff\" d=\"M2 0a2 2 0 0 0-2 2v2h1.5V2a.5.5 0 0 1 .5-.5h2V0H2Zm2 10.5H2a.5.5 0 0 1-.5-.5V8H0v2a2 2 0 0 0 2 2h2v-1.5ZM8 12v-1.5h2a.5.5 0 0 0 .5-.5V8H12v2a2 2 0 0 1-2 2H8Zm2-12a2 2 0 0 1 2 2v2h-1.5V2a.5.5 0 0 0-.5-.5H8V0h2Z\" \/>\n\t\t\t<\/svg>\n\t\t<\/button><figcaption class=\"wp-element-caption\"><em>Titlen er u\u00e6ndret &#8216;Skovfantasier&#8217; &#8211; format 100&#215;100 cm<\/em><\/figcaption><\/figure>\n\n\n\n<p><em>Cory right for alt der vises p\u00e5 artmodern.dk Ib Pedersen <\/em> <\/p>\n\n\n\n<div class=\"wp-block-buttons is-layout-flex wp-block-buttons-is-layout-flex\">\n<div class=\"wp-block-button has-custom-width wp-block-button__width-25 is-style-outline is-style-outline--1\" style=\"font-style:italic;font-weight:100\"><a class=\"wp-block-button__link has-background wp-element-button\" href=\"https:\/\/artmodern.dk\/?page_id=146\" style=\"border-width:1px;border-radius:5px;background-color:#736060a1;padding-top:0;padding-bottom:0\"><em>Mit CV &#8211; Velkommen<\/em><\/a><\/div>\n\n\n\n<div class=\"wp-block-button has-custom-width wp-block-button__width-25 is-style-outline is-style-outline--2\" style=\"font-style:italic;font-weight:100\"><a class=\"wp-block-button__link has-background wp-element-button\" href=\"https:\/\/artmodern.dk\/?page_id=107\" style=\"border-width:1px;border-radius:5px;background-color:#735a5a9c;padding-top:0;padding-bottom:0\"><em>Nye tegninger<\/em><\/a><\/div>\n\n\n\n<div class=\"wp-block-button has-custom-width wp-block-button__width-25 is-style-outline is-style-outline--3\" style=\"font-style:italic;font-weight:100\"><a class=\"wp-block-button__link has-background wp-element-button\" href=\"https:\/\/artmodern.dk\/?page_id=124\" style=\"border-width:1px;border-radius:5px;background-color:#736060a1;padding-top:0;padding-bottom:0\"><em>Kompositioner<\/em><\/a><\/div>\n\n\n\n<div class=\"wp-block-button has-custom-width wp-block-button__width-25 is-style-outline is-style-outline--4\" style=\"font-style:italic;font-weight:100\"><a class=\"wp-block-button__link has-background wp-element-button\" href=\"https:\/\/artmodern.dk\/?page_id=218\" style=\"border-width:1px;border-radius:5px;background-color:#736060a1;padding-top:0;padding-bottom:0\"><em>Mine seneste v\u00e6rker<\/em><\/a><\/div>\n\n\n\n<div class=\"wp-block-button has-custom-width wp-block-button__width-25 is-style-outline is-style-outline--5\" style=\"font-style:italic;font-weight:100\"><a class=\"wp-block-button__link has-background wp-element-button\" href=\"https:\/\/artmodern.dk\/?page_id=2\" style=\"border-width:1px;border-radius:5px;background-color:#736060a1;padding-top:0;padding-bottom:0\"><em>Akvareller<\/em><\/a><\/div>\n<\/div>\n\n\n\n<p><\/p>\n\n\n\n<p><\/p>\n","protected":false},"excerpt":{"rendered":"<p>Velkommen til artmodern.dk Beklager siden har ikke v\u00e6ret tilg\u00e6ngelig i meget lang tid. Der er en erstatningsside som kan s\u00f8ges p\u00e5 artmodern2.dk hvor der er vist en del ny malerier, akvareller og tegninger. I opbygningsfasen af artmodern.dk bliver der vist en del tegninger frembragt over nogle \u00e5r. Cory right for alt der vises p\u00e5 artmodern.dk [&hellip;]<\/p>\n","protected":false},"author":1,"featured_media":0,"parent":0,"menu_order":0,"comment_status":"closed","ping_status":"closed","template":"","meta":{"footnotes":""},"class_list":["post-72","page","type-page","status-publish","hentry"],"_links":{"self":[{"href":"https:\/\/artmodern.dk\/index.php?rest_route=\/wp\/v2\/pages\/72","targetHints":{"allow":["GET"]}}],"collection":[{"href":"https:\/\/artmodern.dk\/index.php?rest_route=\/wp\/v2\/pages"}],"about":[{"href":"https:\/\/artmodern.dk\/index.php?rest_route=\/wp\/v2\/types\/page"}],"author":[{"embeddable":true,"href":"https:\/\/artmodern.dk\/index.php?rest_route=\/wp\/v2\/users\/1"}],"replies":[{"embeddable":true,"href":"https:\/\/artmodern.dk\/index.php?rest_route=%2Fwp%2Fv2%2Fcomments&post=72"}],"version-history":[{"count":24,"href":"https:\/\/artmodern.dk\/index.php?rest_route=\/wp\/v2\/pages\/72\/revisions"}],"predecessor-version":[{"id":250,"href":"https:\/\/artmodern.dk\/index.php?rest_route=\/wp\/v2\/pages\/72\/revisions\/250"}],"wp:attachment":[{"href":"https:\/\/artmodern.dk\/index.php?rest_route=%2Fwp%2Fv2%2Fmedia&parent=72"}],"curies":[{"name":"wp","href":"https:\/\/api.w.org\/{rel}","templated":true}]}}