{"id":124,"date":"2024-02-25T11:19:54","date_gmt":"2024-02-25T11:19:54","guid":{"rendered":"https:\/\/artmodern.dk\/?page_id=124"},"modified":"2024-02-27T21:51:24","modified_gmt":"2024-02-27T21:51:24","slug":"kompositioner","status":"publish","type":"page","link":"https:\/\/artmodern.dk\/?page_id=124","title":{"rendered":"Kompositioner"},"content":{"rendered":"\n<div class=\"wp-block-columns is-layout-flex wp-container-core-columns-is-layout-28f84493 wp-block-columns-is-layout-flex\">\n<div class=\"wp-block-column is-layout-flow wp-block-column-is-layout-flow\">\n<figure class=\"wp-block-image size-full is-resized has-custom-border\"><img loading=\"lazy\" decoding=\"async\" width=\"374\" height=\"500\" src=\"https:\/\/artmodern.dk\/wp-content\/uploads\/2024\/02\/Komposition-21-format-60x80-cm-akryl-i-soelv-svaeveramme-pris-DKK-5200.jpg\" alt=\"\" class=\"wp-image-125\" style=\"border-width:5px;border-radius:10px;width:462px;height:auto\" srcset=\"https:\/\/artmodern.dk\/wp-content\/uploads\/2024\/02\/Komposition-21-format-60x80-cm-akryl-i-soelv-svaeveramme-pris-DKK-5200.jpg 374w, https:\/\/artmodern.dk\/wp-content\/uploads\/2024\/02\/Komposition-21-format-60x80-cm-akryl-i-soelv-svaeveramme-pris-DKK-5200-224x300.jpg 224w\" sizes=\"auto, (max-width: 374px) 100vw, 374px\" \/><figcaption class=\"wp-element-caption\">&#8216;Komposition 21&#8217;<em> &#8211; format 80&#215;60 cm &#8211; akryl p\u00e5 l\u00e6rred i s\u00f8lv sv\u00e6veramme.  <\/em><br><em>Pris 4000 kr. 540 \u20ac<\/em> <\/figcaption><\/figure>\n<\/div>\n\n\n\n<div class=\"wp-block-column is-layout-flow wp-block-column-is-layout-flow\">\n<figure class=\"wp-block-image alignright size-full is-resized has-custom-border\"><img loading=\"lazy\" decoding=\"async\" width=\"373\" height=\"500\" src=\"https:\/\/artmodern.dk\/wp-content\/uploads\/2024\/02\/Komposition-74-smerte-format-60x80-cm-i-soelv-svaeveramme-pris-DKK-5200.jpg\" alt=\"\" class=\"wp-image-126\" style=\"border-width:5px;border-radius:10px;width:463px;height:auto\" srcset=\"https:\/\/artmodern.dk\/wp-content\/uploads\/2024\/02\/Komposition-74-smerte-format-60x80-cm-i-soelv-svaeveramme-pris-DKK-5200.jpg 373w, https:\/\/artmodern.dk\/wp-content\/uploads\/2024\/02\/Komposition-74-smerte-format-60x80-cm-i-soelv-svaeveramme-pris-DKK-5200-224x300.jpg 224w\" sizes=\"auto, (max-width: 373px) 100vw, 373px\" \/><figcaption class=\"wp-element-caption\"><em>&#8216;Komposition 74&#8217; . format 80&#215;60 cm &#8211; akryl p\u00e5 l\u00e6rred i s\u00f8lv sv\u00e6veramme.<\/em> <br><em>Pris 4000 kr.<\/em> 540 \u20ac<\/figcaption><\/figure>\n<\/div>\n<\/div>\n\n\n\n<p> <\/p>\n\n\n\n<div class=\"wp-block-columns is-layout-flex wp-container-core-columns-is-layout-28f84493 wp-block-columns-is-layout-flex\">\n<div class=\"wp-block-column is-layout-flow wp-block-column-is-layout-flow\">\n<figure class=\"wp-block-image aligncenter size-full is-resized has-custom-border\"><img loading=\"lazy\" decoding=\"async\" width=\"500\" height=\"500\" src=\"https:\/\/artmodern.dk\/wp-content\/uploads\/2024\/02\/Komposition-22-format-80x80-cm-akryl-i-soelv-svaeveramme-pris-DKK-6200.jpg\" alt=\"\" class=\"wp-image-127\" style=\"border-width:5px;border-radius:10px;width:800px\" srcset=\"https:\/\/artmodern.dk\/wp-content\/uploads\/2024\/02\/Komposition-22-format-80x80-cm-akryl-i-soelv-svaeveramme-pris-DKK-6200.jpg 500w, https:\/\/artmodern.dk\/wp-content\/uploads\/2024\/02\/Komposition-22-format-80x80-cm-akryl-i-soelv-svaeveramme-pris-DKK-6200-300x300.jpg 300w, https:\/\/artmodern.dk\/wp-content\/uploads\/2024\/02\/Komposition-22-format-80x80-cm-akryl-i-soelv-svaeveramme-pris-DKK-6200-150x150.jpg 150w\" sizes=\"auto, (max-width: 500px) 100vw, 500px\" \/><figcaption class=\"wp-element-caption\"><em>&#8216;Komposition 22&#8217; &#8211; format 80 <\/em>cm &#8211; akryl p\u00e5 l\u00e6rred. Pris 6000 kr. 800 \u20ac<\/figcaption><\/figure>\n<\/div>\n<\/div>\n\n\n\n<div class=\"wp-block-columns is-layout-flex wp-container-core-columns-is-layout-28f84493 wp-block-columns-is-layout-flex\">\n<div class=\"wp-block-column is-layout-flow wp-block-column-is-layout-flow\">\n<figure class=\"wp-block-image alignleft size-full is-resized has-custom-border\"><img loading=\"lazy\" decoding=\"async\" width=\"377\" height=\"500\" src=\"https:\/\/artmodern.dk\/wp-content\/uploads\/2024\/02\/Komposition-73-format-60x80-cm-akryl-i-soelv-svaeveramme-pris-DKK-5200-1.jpg\" alt=\"\" class=\"wp-image-129\" style=\"border-width:5px;border-radius:12px;width:390px\" srcset=\"https:\/\/artmodern.dk\/wp-content\/uploads\/2024\/02\/Komposition-73-format-60x80-cm-akryl-i-soelv-svaeveramme-pris-DKK-5200-1.jpg 377w, https:\/\/artmodern.dk\/wp-content\/uploads\/2024\/02\/Komposition-73-format-60x80-cm-akryl-i-soelv-svaeveramme-pris-DKK-5200-1-226x300.jpg 226w\" sizes=\"auto, (max-width: 377px) 100vw, 377px\" \/><figcaption class=\"wp-element-caption\">&#8216;Komposition<em> 73&#8242; &#8211; format 80&#215;60 cm &#8211; akryl p\u00e5 l\u00e6rred.<\/em>  <br>Pris 4000 kr.  540 \u20ac<\/figcaption><\/figure>\n<\/div>\n\n\n\n<div class=\"wp-block-column is-layout-flow wp-block-column-is-layout-flow\">\n<figure class=\"wp-block-image alignright size-full is-resized has-custom-border\"><img loading=\"lazy\" decoding=\"async\" width=\"400\" height=\"500\" src=\"https:\/\/artmodern.dk\/wp-content\/uploads\/2024\/02\/33-Nissen-og-rudolp-format-40x30-cm-akryl-i-soelv-svaeveramme-pris-DKK-3800.jpg\" alt=\"\" class=\"wp-image-130\" style=\"border-width:5px;border-radius:10px;width:250px\" srcset=\"https:\/\/artmodern.dk\/wp-content\/uploads\/2024\/02\/33-Nissen-og-rudolp-format-40x30-cm-akryl-i-soelv-svaeveramme-pris-DKK-3800.jpg 400w, https:\/\/artmodern.dk\/wp-content\/uploads\/2024\/02\/33-Nissen-og-rudolp-format-40x30-cm-akryl-i-soelv-svaeveramme-pris-DKK-3800-240x300.jpg 240w\" sizes=\"auto, (max-width: 400px) 100vw, 400px\" \/><figcaption class=\"wp-element-caption\"><em>&#8216;Nissen og Rudolf&#8217; &#8211; format40x50 cm akryl p\u00e5 l\u00e6rred.  Pris 2000 kr. 260 \u20ac  <\/em><\/figcaption><\/figure>\n<\/div>\n\n\n\n<div class=\"wp-block-column is-layout-flow wp-block-column-is-layout-flow\">\n<figure class=\"wp-block-image alignright size-full is-resized has-custom-border\"><img loading=\"lazy\" decoding=\"async\" width=\"396\" height=\"500\" src=\"https:\/\/artmodern.dk\/wp-content\/uploads\/2024\/02\/Komposition-34-Roed-mand-i-groen-vindue-format-40x50-cm-akryl-i-soelv-svaeveramme-pris-DKK-3800.jpg\" alt=\"\" class=\"wp-image-131\" style=\"border-width:5px;border-radius:10px;width:321px;height:auto\" srcset=\"https:\/\/artmodern.dk\/wp-content\/uploads\/2024\/02\/Komposition-34-Roed-mand-i-groen-vindue-format-40x50-cm-akryl-i-soelv-svaeveramme-pris-DKK-3800.jpg 396w, https:\/\/artmodern.dk\/wp-content\/uploads\/2024\/02\/Komposition-34-Roed-mand-i-groen-vindue-format-40x50-cm-akryl-i-soelv-svaeveramme-pris-DKK-3800-238x300.jpg 238w\" sizes=\"auto, (max-width: 396px) 100vw, 396px\" \/><figcaption class=\"wp-element-caption\">&#8216;Komposition 34&#8217; &#8211; format 40&#215;50 cm akryl p\u00e5 l\u00e6rred. <br>Pris 2500 kr. 330 \u20ac<\/figcaption><\/figure>\n<\/div>\n<\/div>\n\n\n\n<p>Alle v\u00e6rker er til salg. Pris oplyst ved hvert v\u00e6rk.<\/p>\n\n\n\n<p><em>Cory right for alt der vises p\u00e5 artmodern.dk Ib Pedersen <\/em> <\/p>\n","protected":false},"excerpt":{"rendered":"<p>Alle v\u00e6rker er til salg. Pris oplyst ved hvert v\u00e6rk. Cory right for alt der vises p\u00e5 artmodern.dk Ib Pedersen<\/p>\n","protected":false},"author":1,"featured_media":0,"parent":0,"menu_order":0,"comment_status":"closed","ping_status":"closed","template":"","meta":{"footnotes":""},"class_list":["post-124","page","type-page","status-publish","hentry"],"_links":{"self":[{"href":"https:\/\/artmodern.dk\/index.php?rest_route=\/wp\/v2\/pages\/124","targetHints":{"allow":["GET"]}}],"collection":[{"href":"https:\/\/artmodern.dk\/index.php?rest_route=\/wp\/v2\/pages"}],"about":[{"href":"https:\/\/artmodern.dk\/index.php?rest_route=\/wp\/v2\/types\/page"}],"author":[{"embeddable":true,"href":"https:\/\/artmodern.dk\/index.php?rest_route=\/wp\/v2\/users\/1"}],"replies":[{"embeddable":true,"href":"https:\/\/artmodern.dk\/index.php?rest_route=%2Fwp%2Fv2%2Fcomments&post=124"}],"version-history":[{"count":4,"href":"https:\/\/artmodern.dk\/index.php?rest_route=\/wp\/v2\/pages\/124\/revisions"}],"predecessor-version":[{"id":149,"href":"https:\/\/artmodern.dk\/index.php?rest_route=\/wp\/v2\/pages\/124\/revisions\/149"}],"wp:attachment":[{"href":"https:\/\/artmodern.dk\/index.php?rest_route=%2Fwp%2Fv2%2Fmedia&parent=124"}],"curies":[{"name":"wp","href":"https:\/\/api.w.org\/{rel}","templated":true}]}}